{"id":13952,"date":"2022-01-31T09:04:48","date_gmt":"2022-01-31T08:04:48","guid":{"rendered":"https:\/\/vorbourg15.ch\/histoire-de-la-villa\/"},"modified":"2022-03-28T08:16:18","modified_gmt":"2022-03-28T06:16:18","slug":"histoire-de-la-villa","status":"publish","type":"page","link":"https:\/\/vorbourg15.ch\/de\/histoire-de-la-villa\/","title":{"rendered":"Geschichte der Villa"},"content":{"rendered":"\t\t<div data-elementor-type=\"wp-page\" data-elementor-id=\"13952\" class=\"elementor elementor-13952\" data-elementor-settings=\"[]\">\n\t\t\t\t\t\t\t<div class=\"elementor-section-wrap\">\n\t\t\t\t\t\t\t<section class=\"elementor-section elementor-top-section elementor-element elementor-element-580d141c qodef-elementor-content-grid elementor-section-boxed elementor-section-height-default elementor-section-height-default\" data-id=\"580d141c\" data-element_type=\"section\" id=\"headerTitleCustom\" data-settings=\"{&quot;background_background&quot;:&quot;classic&quot;}\">\n\t\t\t\t\t\t\t<div class=\"elementor-background-overlay\"><\/div>\n\t\t\t\t\t\t\t<div class=\"elementor-container elementor-column-gap-default\">\n\t\t\t\t\t<div class=\"elementor-column elementor-col-100 elementor-top-column elementor-element elementor-element-1d8bc197\" data-id=\"1d8bc197\" data-element_type=\"column\">\n\t\t\t<div class=\"elementor-widget-wrap elementor-element-populated\">\n\t\t\t\t\t\t\t\t<div class=\"elementor-element elementor-element-5fe209a9 customBreadcrumb elementor-widget elementor-widget-text-editor\" data-id=\"5fe209a9\" data-element_type=\"widget\" data-widget_type=\"text-editor.default\">\n\t\t\t\t<div class=\"elementor-widget-container\">\n\t\t\t<style>\/*! elementor - v3.5.3 - 28-12-2021 *\/\n.elementor-widget-text-editor.elementor-drop-cap-view-stacked .elementor-drop-cap{background-color:#818a91;color:#fff}.elementor-widget-text-editor.elementor-drop-cap-view-framed .elementor-drop-cap{color:#818a91;border:3px solid;background-color:transparent}.elementor-widget-text-editor:not(.elementor-drop-cap-view-default) .elementor-drop-cap{margin-top:8px}.elementor-widget-text-editor:not(.elementor-drop-cap-view-default) .elementor-drop-cap-letter{width:1em;height:1em}.elementor-widget-text-editor .elementor-drop-cap{float:left;text-align:center;line-height:1;font-size:50px}.elementor-widget-text-editor .elementor-drop-cap-letter{display:inline-block}<\/style>\t\t\t\t<h2 style=\"margin-bottom: 0px; color: white;\">Geschichte der Villa<\/h2>\nVon 1914 bis heute\t\t\t\t\t\t<\/div>\n\t\t\t\t<\/div>\n\t\t\t\t\t<\/div>\n\t\t<\/div>\n\t\t\t\t\t\t\t<\/div>\n\t\t<\/section>\n\t\t\t\t<section class=\"elementor-section elementor-top-section elementor-element elementor-element-2554d53 qodef-elementor-content-grid elementor-section-boxed elementor-section-height-default elementor-section-height-default\" data-id=\"2554d53\" data-element_type=\"section\" data-settings=\"{&quot;background_background&quot;:&quot;gradient&quot;}\">\n\t\t\t\t\t\t<div class=\"elementor-container elementor-column-gap-default\">\n\t\t\t\t\t<div class=\"elementor-column elementor-col-100 elementor-top-column elementor-element elementor-element-65de4bf\" data-id=\"65de4bf\" data-element_type=\"column\">\n\t\t\t<div class=\"elementor-widget-wrap elementor-element-populated\">\n\t\t\t\t\t\t\t\t<div class=\"elementor-element elementor-element-485e721 elementor-widget elementor-widget-augustine_core_section_title\" data-id=\"485e721\" data-element_type=\"widget\" data-widget_type=\"augustine_core_section_title.default\">\n\t\t\t\t<div class=\"elementor-widget-container\">\n\t\t\t<div class=\"qodef-shortcode qodef-m  qodef-section-title qodef-alignment--left    qodef-separator-appear \">\n\t\t<span class=\"qodef-m-separator\" ><\/span>\n\t\t<p class=\"qodef-m-subtitle\" >Geschichte<\/p>\n\t\t<h3 class=\"qodef-m-title\" style=\"margin-top: -9px\">\n\t\t\t\t\tVon 1914 bis heute\t\t\t<\/h3>\n\t\t<\/div>\t\t<\/div>\n\t\t\t\t<\/div>\n\t\t\t\t\t<\/div>\n\t\t<\/div>\n\t\t\t\t\t\t\t<\/div>\n\t\t<\/section>\n\t\t\t\t<section class=\"elementor-section elementor-top-section elementor-element elementor-element-2e60d946 qodef-elementor-content-grid elementor-section-boxed elementor-section-height-default elementor-section-height-default\" data-id=\"2e60d946\" data-element_type=\"section\" data-settings=\"{&quot;background_background&quot;:&quot;gradient&quot;}\">\n\t\t\t\t\t\t<div class=\"elementor-container elementor-column-gap-default\">\n\t\t\t\t\t<div class=\"elementor-column elementor-col-100 elementor-top-column elementor-element elementor-element-2afe7206\" data-id=\"2afe7206\" data-element_type=\"column\">\n\t\t\t<div class=\"elementor-widget-wrap elementor-element-populated\">\n\t\t\t\t\t\t\t\t<div class=\"elementor-element elementor-element-67994dc3 elementor-widget elementor-widget-text-editor\" data-id=\"67994dc3\" data-element_type=\"widget\" data-widget_type=\"text-editor.default\">\n\t\t\t\t<div class=\"elementor-widget-container\">\n\t\t\t\t\t\t\t<p>Das 1914 vom Architekten Fran\u00e7ois Ceppi (1876 \u2013 1953) erbaute Haus wurde 1947 von Georges Membrez gekauft, einem Industriellen und Gr\u00fcndungsmitglied des Rassemblement jurassien.. Seitdem befindet es sich in Familienbesitz.<\/p><p>Es war f\u00fcr einige Zeit der Wohn- und Arbeitsort von Roger Schaffter und seiner Frau Suzette, Vater der Republik und des Kantons Jura.<\/p><p>Dies Haus, das bis 2020 von der Familie Crevoisier und ihren f\u00fcnf Kindern bewohnt wurde, war Gegenstand mehrerer Entwicklungsans\u00e4tze hinsichtlich seiner Zukunft! Die m\u00f6gliche, aber eher invasive Umwandlung in Wohnungen h\u00e4tte dem Geist des Hauses zweifellos geschadet! Ebenso wie eine Standardvermietung \u2026<\/p><p>In Fortsetzung seiner Geschichte wird eine neue M\u00f6glichkeit geshaffen: ein Ort der Offenheit, des R\u00fcckzugs und Entspannung, aber auch der lebhaften Debatten und k\u00fcnstlerischer Zerstreuung.<\/p><p><strong>Das Haus \u00f6ffnet sich also, es kann abwechselnd K\u00fcnstler, Urlauber, Seminaristen, Kreative, Arbeitsgruppen, G\u00e4ste auf der Suche nach Raum, Ruhe und Inspiration aber auch Institutionen und Beh\u00f6rden auf der Suche nach R\u00e4umen zur Repr\u00e4sentation beherbergen.<\/strong><\/p><p>Schaffen, teilen, feiern, arbeiten, debattieren, sich erholen! Mit einem Wort: leben!<\/p><p>Ein Ort f\u00fcr festliche Aktivit\u00e4ten, Empf\u00e4nge und Veranstaltungen aller Art. Die Vermietung ist m\u00f6glich f\u00fcr einige Tage oder Wochen.,\u2026.<\/p><p>Unter der Leitung von Julien Crevoisier, der von St\u00e9phanie Lachat und ihrer Tochter Loyse begleitet wurde, wird 2021 eine Neugestaltung des Hauses durchgef\u00fchrt. Ein Team von Freunden und Kindern hilft \u00a0und packt mit an, um das Haus seinen neuen Bestimmungen am 1. Dezember 2021 zu \u00fcbergeben.<\/p>\t\t\t\t\t\t<\/div>\n\t\t\t\t<\/div>\n\t\t\t\t<div class=\"elementor-element elementor-element-6b2a9b5 elementor-widget elementor-widget-image\" data-id=\"6b2a9b5\" data-element_type=\"widget\" data-widget_type=\"image.default\">\n\t\t\t\t<div class=\"elementor-widget-container\">\n\t\t\t<style>\/*! elementor - v3.5.3 - 28-12-2021 *\/\n.elementor-widget-image{text-align:center}.elementor-widget-image a{display:inline-block}.elementor-widget-image a img[src$=\".svg\"]{width:48px}.elementor-widget-image img{vertical-align:middle;display:inline-block}<\/style>\t\t\t\t\t\t\t\t\t\t\t\t<img decoding=\"async\" width=\"288\" height=\"220\" src=\"https:\/\/vorbourg15.ch\/wp-content\/uploads\/2022\/01\/villa_old.jpg\" class=\"attachment-large size-large\" alt=\"\" \/>\t\t\t\t\t\t\t\t\t\t\t\t\t\t\t<\/div>\n\t\t\t\t<\/div>\n\t\t\t\t<div class=\"elementor-element elementor-element-6aa2af8 elementor-widget elementor-widget-text-editor\" data-id=\"6aa2af8\" data-element_type=\"widget\" data-widget_type=\"text-editor.default\">\n\t\t\t\t<div class=\"elementor-widget-container\">\n\t\t\t\t\t\t\t<p>Villa, S\u00fcdfassade<br \/>Del\u00e9mont, 1914<\/p>\t\t\t\t\t\t<\/div>\n\t\t\t\t<\/div>\n\t\t\t\t\t<\/div>\n\t\t<\/div>\n\t\t\t\t\t\t\t<\/div>\n\t\t<\/section>\n\t\t\t\t<section class=\"elementor-section elementor-top-section elementor-element elementor-element-1cd460b0 elementor-section-full_width elementor-section-height-default elementor-section-height-default qodef-elementor-content-no\" data-id=\"1cd460b0\" data-element_type=\"section\" data-settings=\"{&quot;background_background&quot;:&quot;classic&quot;}\">\n\t\t\t\t\t\t<div class=\"elementor-container elementor-column-gap-default\">\n\t\t\t\t\t<div class=\"elementor-column elementor-col-100 elementor-top-column elementor-element elementor-element-29ed8523\" data-id=\"29ed8523\" data-element_type=\"column\">\n\t\t\t<div class=\"elementor-widget-wrap elementor-element-populated\">\n\t\t\t\t\t\t\t\t<div class=\"elementor-element elementor-element-9400cf1 elementor-widget elementor-widget-augustine_core_call_to_action\" data-id=\"9400cf1\" data-element_type=\"widget\" data-widget_type=\"augustine_core_call_to_action.default\">\n\t\t\t\t<div class=\"elementor-widget-container\">\n\t\t\t<div class=\"qodef-shortcode qodef-m  qodef-call-to-action qodef-layout--standard qodef-style--centered\">\n\t<div class=\"qodef-m-inner\">\n\t\t\t<div class=\"qodef-m-content\"><h5>Wir w\u00fcnschen Ihnen ein unvergessliches Erlebnis in Vorbourg 15\u00a0<\/h5><\/div>\n\t\t\t<div class=\"qodef-m-button\">\n\t\t<a class=\"qodef-shortcode qodef-m  qodef-button qodef-layout--outlined  qodef-html--link \" href=\"\/de\/tarifs-et-reservation\/\" target=\"_self\"  >\t<span class=\"qodef-m-text\">Buchen<\/span><\/a>\t<\/div>\n\t<\/div>\n<\/div>\t\t<\/div>\n\t\t\t\t<\/div>\n\t\t\t\t\t<\/div>\n\t\t<\/div>\n\t\t\t\t\t\t\t<\/div>\n\t\t<\/section>\n\t\t\t\t\t\t<\/div>\n\t\t\t\t\t<\/div>\n\t\t","protected":false},"excerpt":{"rendered":"<p>Geschichte der Villa Von 1914 bis heute Geschichte Von 1914 bis heute Das 1914 vom Architekten Fran\u00e7ois Ceppi (1876 \u2013 1953) erbaute Haus wurde 1947 von Georges Membrez gekauft, einem Industriellen und Gr\u00fcndungsmitglied des Rassemblement jurassien.. Seitdem befindet es sich in Familienbesitz. Es war f\u00fcr einige Zeit der Wohn- und Arbeitsort von Roger Schaffter und [&hellip;]<\/p>\n","protected":false},"author":1,"featured_media":0,"parent":0,"menu_order":0,"comment_status":"closed","ping_status":"closed","template":"page-full-width.php","meta":{"footnotes":""},"class_list":["post-13952","page","type-page","status-publish","hentry"],"yoast_head":"<!-- This site is optimized with the Yoast SEO plugin v26.9 - https:\/\/yoast.com\/product\/yoast-seo-wordpress\/ -->\n<title>Geschichte der Villa - Vorbourg15<\/title>\n<meta name=\"robots\" content=\"index, follow, max-snippet:-1, max-image-preview:large, max-video-preview:-1\" \/>\n<link rel=\"canonical\" href=\"https:\/\/vorbourg15.ch\/de\/histoire-de-la-villa\/\" \/>\n<meta property=\"og:locale\" content=\"de_DE\" \/>\n<meta property=\"og:type\" content=\"article\" \/>\n<meta property=\"og:title\" content=\"Geschichte der Villa - Vorbourg15\" \/>\n<meta property=\"og:description\" content=\"Geschichte der Villa Von 1914 bis heute Geschichte Von 1914 bis heute Das 1914 vom Architekten Fran\u00e7ois Ceppi (1876 \u2013 1953) erbaute Haus wurde 1947 von Georges Membrez gekauft, einem Industriellen und Gr\u00fcndungsmitglied des Rassemblement jurassien.. Seitdem befindet es sich in Familienbesitz. Es war f\u00fcr einige Zeit der Wohn- und Arbeitsort von Roger Schaffter und [&hellip;]\" \/>\n<meta property=\"og:url\" content=\"https:\/\/vorbourg15.ch\/de\/histoire-de-la-villa\/\" \/>\n<meta property=\"og:site_name\" content=\"Vorbourg15\" \/>\n<meta property=\"article:modified_time\" content=\"2022-03-28T06:16:18+00:00\" \/>\n<meta property=\"og:image\" content=\"https:\/\/vorbourg15.ch\/wp-content\/uploads\/2022\/01\/villa_old.jpg\" \/>\n<meta name=\"twitter:card\" content=\"summary_large_image\" \/>\n<meta name=\"twitter:label1\" content=\"Gesch\u00e4tzte Lesezeit\" \/>\n\t<meta name=\"twitter:data1\" content=\"1\u00a0Minute\" \/>\n<script type=\"application\/ld+json\" class=\"yoast-schema-graph\">{\"@context\":\"https:\/\/schema.org\",\"@graph\":[{\"@type\":\"WebPage\",\"@id\":\"https:\/\/vorbourg15.ch\/de\/histoire-de-la-villa\/\",\"url\":\"https:\/\/vorbourg15.ch\/de\/histoire-de-la-villa\/\",\"name\":\"Geschichte der Villa - Vorbourg15\",\"isPartOf\":{\"@id\":\"https:\/\/vorbourg15.ch\/#website\"},\"primaryImageOfPage\":{\"@id\":\"https:\/\/vorbourg15.ch\/de\/histoire-de-la-villa\/#primaryimage\"},\"image\":{\"@id\":\"https:\/\/vorbourg15.ch\/de\/histoire-de-la-villa\/#primaryimage\"},\"thumbnailUrl\":\"https:\/\/vorbourg15.ch\/wp-content\/uploads\/2022\/01\/villa_old.jpg\",\"datePublished\":\"2022-01-31T08:04:48+00:00\",\"dateModified\":\"2022-03-28T06:16:18+00:00\",\"breadcrumb\":{\"@id\":\"https:\/\/vorbourg15.ch\/de\/histoire-de-la-villa\/#breadcrumb\"},\"inLanguage\":\"de\",\"potentialAction\":[{\"@type\":\"ReadAction\",\"target\":[\"https:\/\/vorbourg15.ch\/de\/histoire-de-la-villa\/\"]}]},{\"@type\":\"ImageObject\",\"inLanguage\":\"de\",\"@id\":\"https:\/\/vorbourg15.ch\/de\/histoire-de-la-villa\/#primaryimage\",\"url\":\"https:\/\/vorbourg15.ch\/wp-content\/uploads\/2022\/01\/villa_old.jpg\",\"contentUrl\":\"https:\/\/vorbourg15.ch\/wp-content\/uploads\/2022\/01\/villa_old.jpg\"},{\"@type\":\"BreadcrumbList\",\"@id\":\"https:\/\/vorbourg15.ch\/de\/histoire-de-la-villa\/#breadcrumb\",\"itemListElement\":[{\"@type\":\"ListItem\",\"position\":1,\"name\":\"Accueil\",\"item\":\"https:\/\/vorbourg15.ch\/de\/\"},{\"@type\":\"ListItem\",\"position\":2,\"name\":\"Geschichte der Villa\"}]},{\"@type\":\"WebSite\",\"@id\":\"https:\/\/vorbourg15.ch\/#website\",\"url\":\"https:\/\/vorbourg15.ch\/\",\"name\":\"Vorbourg15\",\"description\":\"Villa locative au coeur de Del\u00e9mont\",\"publisher\":{\"@id\":\"https:\/\/vorbourg15.ch\/#organization\"},\"potentialAction\":[{\"@type\":\"SearchAction\",\"target\":{\"@type\":\"EntryPoint\",\"urlTemplate\":\"https:\/\/vorbourg15.ch\/?s={search_term_string}\"},\"query-input\":{\"@type\":\"PropertyValueSpecification\",\"valueRequired\":true,\"valueName\":\"search_term_string\"}}],\"inLanguage\":\"de\"},{\"@type\":\"Organization\",\"@id\":\"https:\/\/vorbourg15.ch\/#organization\",\"name\":\"Vorbourg 15\",\"url\":\"https:\/\/vorbourg15.ch\/\",\"logo\":{\"@type\":\"ImageObject\",\"inLanguage\":\"de\",\"@id\":\"https:\/\/vorbourg15.ch\/#\/schema\/logo\/image\/\",\"url\":\"https:\/\/vorbourg15.ch\/wp-content\/uploads\/2022\/01\/logo_vorbourg15-2.png\",\"contentUrl\":\"https:\/\/vorbourg15.ch\/wp-content\/uploads\/2022\/01\/logo_vorbourg15-2.png\",\"width\":347,\"height\":305,\"caption\":\"Vorbourg 15\"},\"image\":{\"@id\":\"https:\/\/vorbourg15.ch\/#\/schema\/logo\/image\/\"}}]}<\/script>\n<!-- \/ Yoast SEO plugin. -->","yoast_head_json":{"title":"Geschichte der Villa - Vorbourg15","robots":{"index":"index","follow":"follow","max-snippet":"max-snippet:-1","max-image-preview":"max-image-preview:large","max-video-preview":"max-video-preview:-1"},"canonical":"https:\/\/vorbourg15.ch\/de\/histoire-de-la-villa\/","og_locale":"de_DE","og_type":"article","og_title":"Geschichte der Villa - Vorbourg15","og_description":"Geschichte der Villa Von 1914 bis heute Geschichte Von 1914 bis heute Das 1914 vom Architekten Fran\u00e7ois Ceppi (1876 \u2013 1953) erbaute Haus wurde 1947 von Georges Membrez gekauft, einem Industriellen und Gr\u00fcndungsmitglied des Rassemblement jurassien.. Seitdem befindet es sich in Familienbesitz. Es war f\u00fcr einige Zeit der Wohn- und Arbeitsort von Roger Schaffter und [&hellip;]","og_url":"https:\/\/vorbourg15.ch\/de\/histoire-de-la-villa\/","og_site_name":"Vorbourg15","article_modified_time":"2022-03-28T06:16:18+00:00","og_image":[{"url":"https:\/\/vorbourg15.ch\/wp-content\/uploads\/2022\/01\/villa_old.jpg","type":"","width":"","height":""}],"twitter_card":"summary_large_image","twitter_misc":{"Gesch\u00e4tzte Lesezeit":"1\u00a0Minute"},"schema":{"@context":"https:\/\/schema.org","@graph":[{"@type":"WebPage","@id":"https:\/\/vorbourg15.ch\/de\/histoire-de-la-villa\/","url":"https:\/\/vorbourg15.ch\/de\/histoire-de-la-villa\/","name":"Geschichte der Villa - Vorbourg15","isPartOf":{"@id":"https:\/\/vorbourg15.ch\/#website"},"primaryImageOfPage":{"@id":"https:\/\/vorbourg15.ch\/de\/histoire-de-la-villa\/#primaryimage"},"image":{"@id":"https:\/\/vorbourg15.ch\/de\/histoire-de-la-villa\/#primaryimage"},"thumbnailUrl":"https:\/\/vorbourg15.ch\/wp-content\/uploads\/2022\/01\/villa_old.jpg","datePublished":"2022-01-31T08:04:48+00:00","dateModified":"2022-03-28T06:16:18+00:00","breadcrumb":{"@id":"https:\/\/vorbourg15.ch\/de\/histoire-de-la-villa\/#breadcrumb"},"inLanguage":"de","potentialAction":[{"@type":"ReadAction","target":["https:\/\/vorbourg15.ch\/de\/histoire-de-la-villa\/"]}]},{"@type":"ImageObject","inLanguage":"de","@id":"https:\/\/vorbourg15.ch\/de\/histoire-de-la-villa\/#primaryimage","url":"https:\/\/vorbourg15.ch\/wp-content\/uploads\/2022\/01\/villa_old.jpg","contentUrl":"https:\/\/vorbourg15.ch\/wp-content\/uploads\/2022\/01\/villa_old.jpg"},{"@type":"BreadcrumbList","@id":"https:\/\/vorbourg15.ch\/de\/histoire-de-la-villa\/#breadcrumb","itemListElement":[{"@type":"ListItem","position":1,"name":"Accueil","item":"https:\/\/vorbourg15.ch\/de\/"},{"@type":"ListItem","position":2,"name":"Geschichte der Villa"}]},{"@type":"WebSite","@id":"https:\/\/vorbourg15.ch\/#website","url":"https:\/\/vorbourg15.ch\/","name":"Vorbourg15","description":"Villa locative au coeur de Del\u00e9mont","publisher":{"@id":"https:\/\/vorbourg15.ch\/#organization"},"potentialAction":[{"@type":"SearchAction","target":{"@type":"EntryPoint","urlTemplate":"https:\/\/vorbourg15.ch\/?s={search_term_string}"},"query-input":{"@type":"PropertyValueSpecification","valueRequired":true,"valueName":"search_term_string"}}],"inLanguage":"de"},{"@type":"Organization","@id":"https:\/\/vorbourg15.ch\/#organization","name":"Vorbourg 15","url":"https:\/\/vorbourg15.ch\/","logo":{"@type":"ImageObject","inLanguage":"de","@id":"https:\/\/vorbourg15.ch\/#\/schema\/logo\/image\/","url":"https:\/\/vorbourg15.ch\/wp-content\/uploads\/2022\/01\/logo_vorbourg15-2.png","contentUrl":"https:\/\/vorbourg15.ch\/wp-content\/uploads\/2022\/01\/logo_vorbourg15-2.png","width":347,"height":305,"caption":"Vorbourg 15"},"image":{"@id":"https:\/\/vorbourg15.ch\/#\/schema\/logo\/image\/"}}]}},"_links":{"self":[{"href":"https:\/\/vorbourg15.ch\/de\/wp-json\/wp\/v2\/pages\/13952","targetHints":{"allow":["GET"]}}],"collection":[{"href":"https:\/\/vorbourg15.ch\/de\/wp-json\/wp\/v2\/pages"}],"about":[{"href":"https:\/\/vorbourg15.ch\/de\/wp-json\/wp\/v2\/types\/page"}],"author":[{"embeddable":true,"href":"https:\/\/vorbourg15.ch\/de\/wp-json\/wp\/v2\/users\/1"}],"replies":[{"embeddable":true,"href":"https:\/\/vorbourg15.ch\/de\/wp-json\/wp\/v2\/comments?post=13952"}],"version-history":[{"count":7,"href":"https:\/\/vorbourg15.ch\/de\/wp-json\/wp\/v2\/pages\/13952\/revisions"}],"predecessor-version":[{"id":14137,"href":"https:\/\/vorbourg15.ch\/de\/wp-json\/wp\/v2\/pages\/13952\/revisions\/14137"}],"wp:attachment":[{"href":"https:\/\/vorbourg15.ch\/de\/wp-json\/wp\/v2\/media?parent=13952"}],"curies":[{"name":"wp","href":"https:\/\/api.w.org\/{rel}","templated":true}]}}