{"id":13957,"date":"2020-12-02T09:13:32","date_gmt":"2020-12-02T08:13:32","guid":{"rendered":"https:\/\/vorbourg15.ch\/contact\/"},"modified":"2022-03-07T08:17:10","modified_gmt":"2022-03-07T07:17:10","slug":"contact","status":"publish","type":"page","link":"https:\/\/vorbourg15.ch\/de\/contact\/","title":{"rendered":"Kontaktieren Sie uns"},"content":{"rendered":"\t\t<div data-elementor-type=\"wp-page\" data-elementor-id=\"13957\" class=\"elementor elementor-13957\" data-elementor-settings=\"[]\">\n\t\t\t\t\t\t\t<div class=\"elementor-section-wrap\">\n\t\t\t\t\t\t\t<section class=\"elementor-section elementor-top-section elementor-element elementor-element-16ff598c elementor-section-full_width elementor-section-height-default elementor-section-height-default qodef-elementor-content-no\" data-id=\"16ff598c\" data-element_type=\"section\">\n\t\t\t\t\t\t<div class=\"elementor-container elementor-column-gap-default\">\n\t\t\t\t\t<div class=\"elementor-column elementor-col-100 elementor-top-column elementor-element elementor-element-790400d4\" data-id=\"790400d4\" data-element_type=\"column\">\n\t\t\t<div class=\"elementor-widget-wrap elementor-element-populated\">\n\t\t\t\t\t\t\t\t<div class=\"elementor-element elementor-element-74446db elementor-widget elementor-widget-augustine_core_section_title\" data-id=\"74446db\" data-element_type=\"widget\" data-widget_type=\"augustine_core_section_title.default\">\n\t\t\t\t<div class=\"elementor-widget-container\">\n\t\t\t<div class=\"qodef-shortcode qodef-m  qodef-section-title qodef-alignment--left  qodef-title-appear qodef-title-alt-appear  \">\n\t\t\t\t<h1 class=\"qodef-m-title\" >\n\t\t\t\t\tKontaktieren Sie uns\t\t\t<\/h1>\n\t\t<\/div>\t\t<\/div>\n\t\t\t\t<\/div>\n\t\t\t\t\t<\/div>\n\t\t<\/div>\n\t\t\t\t\t\t\t<\/div>\n\t\t<\/section>\n\t\t\t\t<section class=\"elementor-section elementor-top-section elementor-element elementor-element-6e51a79e qodef-elementor-content-grid qodef-green-white-hover elementor-section-boxed elementor-section-height-default elementor-section-height-default\" data-id=\"6e51a79e\" data-element_type=\"section\">\n\t\t\t\t\t\t<div class=\"elementor-container elementor-column-gap-default\">\n\t\t\t\t\t<div class=\"elementor-column elementor-col-50 elementor-top-column elementor-element elementor-element-2936e20e\" data-id=\"2936e20e\" data-element_type=\"column\">\n\t\t\t<div class=\"elementor-widget-wrap elementor-element-populated\">\n\t\t\t\t\t\t\t\t<div class=\"elementor-element elementor-element-59ffcda elementor-widget__width-initial elementor-widget-tablet__width-initial elementor-widget elementor-widget-text-editor\" data-id=\"59ffcda\" data-element_type=\"widget\" data-widget_type=\"text-editor.default\">\n\t\t\t\t<div class=\"elementor-widget-container\">\n\t\t\t<style>\/*! elementor - v3.5.3 - 28-12-2021 *\/\n.elementor-widget-text-editor.elementor-drop-cap-view-stacked .elementor-drop-cap{background-color:#818a91;color:#fff}.elementor-widget-text-editor.elementor-drop-cap-view-framed .elementor-drop-cap{color:#818a91;border:3px solid;background-color:transparent}.elementor-widget-text-editor:not(.elementor-drop-cap-view-default) .elementor-drop-cap{margin-top:8px}.elementor-widget-text-editor:not(.elementor-drop-cap-view-default) .elementor-drop-cap-letter{width:1em;height:1em}.elementor-widget-text-editor .elementor-drop-cap{float:left;text-align:center;line-height:1;font-size:50px}.elementor-widget-text-editor .elementor-drop-cap-letter{display:inline-block}<\/style>\t\t\t\t<p>Ideal gelegen im Herzen der Altstadt von Del\u00e9mont, mit Blick auf die wichtigsten Sehensw\u00fcrdigkeiten und die umliegende Natur, erreichen Sie zu Fuss alle st\u00e4dtischen Einrichtungen (Bahnhof, Gesch\u00e4fte, Restaurants, Theater, Kinos, Schulen, Spital usw.) und befinden sich gleichzeitig am Knotenpunkt eines leistungsf\u00e4higen Strassen- und Schienennetzes (Basel und Biel: 30 Min., internationaler Flughafen Basel-Mulhouse: 45 Min., Bern: 1 Std., Paris: 3 Std.).<\/p>\t\t\t\t\t\t<\/div>\n\t\t\t\t<\/div>\n\t\t\t\t<section class=\"elementor-section elementor-inner-section elementor-element elementor-element-13b87add elementor-section-boxed elementor-section-height-default elementor-section-height-default qodef-elementor-content-no\" data-id=\"13b87add\" data-element_type=\"section\">\n\t\t\t\t\t\t<div class=\"elementor-container elementor-column-gap-default\">\n\t\t\t\t\t<div class=\"elementor-column elementor-col-100 elementor-inner-column elementor-element elementor-element-61f7dd0e\" data-id=\"61f7dd0e\" data-element_type=\"column\">\n\t\t\t<div class=\"elementor-widget-wrap elementor-element-populated\">\n\t\t\t\t\t\t\t\t<div class=\"elementor-element elementor-element-6adddac9 elementor-widget__width-initial elementor-widget elementor-widget-augustine_core_icon_with_text\" data-id=\"6adddac9\" data-element_type=\"widget\" data-widget_type=\"augustine_core_icon_with_text.default\">\n\t\t\t\t<div class=\"elementor-widget-container\">\n\t\t\t<div class=\"qodef-shortcode qodef-m  qodef-icon-with-text qodef-layout--before-content qodef--icon-pack \">\n\t<div class=\"qodef-m-icon-wrapper\">\n\t\t<span class=\"qodef-shortcode qodef-m  qodef-icon-holder qodef-size--default qodef-layout--normal\"  >\t        <span class=\"qodef-icon-linea-icons icon-basic-geolocalize-01 qodef-icon qodef-e\" style=\"color: #0B6354;font-size: 25px\" ><\/span>    <\/span>\t<\/div>\n\t<div class=\"qodef-m-content\">\n\t\t\t\t\t<\/div>\n<\/div>\t\t<\/div>\n\t\t\t\t<\/div>\n\t\t\t\t<div class=\"elementor-element elementor-element-282e1d38 elementor-widget__width-initial elementor-widget-mobile__width-initial elementor-widget elementor-widget-text-editor\" data-id=\"282e1d38\" data-element_type=\"widget\" data-widget_type=\"text-editor.default\">\n\t\t\t\t<div class=\"elementor-widget-container\">\n\t\t\t\t\t\t\t<p><span style=\"color: #505050;\">Route du Vorbourg 15<br \/>2800 Del\u00e9mont<br \/>Suisse<\/span><\/p>\t\t\t\t\t\t<\/div>\n\t\t\t\t<\/div>\n\t\t\t\t\t<\/div>\n\t\t<\/div>\n\t\t\t\t\t\t\t<\/div>\n\t\t<\/section>\n\t\t\t\t<section class=\"elementor-section elementor-inner-section elementor-element elementor-element-403f2086 elementor-section-boxed elementor-section-height-default elementor-section-height-default qodef-elementor-content-no\" data-id=\"403f2086\" data-element_type=\"section\">\n\t\t\t\t\t\t<div class=\"elementor-container elementor-column-gap-default\">\n\t\t\t\t\t<div class=\"elementor-column elementor-col-100 elementor-inner-column elementor-element elementor-element-8ae64c1\" data-id=\"8ae64c1\" data-element_type=\"column\">\n\t\t\t<div class=\"elementor-widget-wrap elementor-element-populated\">\n\t\t\t\t\t\t\t\t<div class=\"elementor-element elementor-element-2ab2f500 elementor-widget__width-initial elementor-widget elementor-widget-augustine_core_icon_with_text\" data-id=\"2ab2f500\" data-element_type=\"widget\" data-widget_type=\"augustine_core_icon_with_text.default\">\n\t\t\t\t<div class=\"elementor-widget-container\">\n\t\t\t<div class=\"qodef-shortcode qodef-m  qodef-icon-with-text qodef-layout--before-content qodef--icon-pack \">\n\t<div class=\"qodef-m-icon-wrapper\">\n\t\t<span class=\"qodef-shortcode qodef-m  qodef-icon-holder qodef-size--default qodef-layout--normal\"  >\t        <span class=\"qodef-icon-linea-icons icon-basic-mail qodef-icon qodef-e\" style=\"color: #0B6354;font-size: 25px\" ><\/span>    <\/span>\t<\/div>\n\t<div class=\"qodef-m-content\">\n\t\t\t\t\t<\/div>\n<\/div>\t\t<\/div>\n\t\t\t\t<\/div>\n\t\t\t\t<div class=\"elementor-element elementor-element-55e5c420 elementor-widget__width-initial elementor-widget-mobile__width-initial elementor-widget elementor-widget-text-editor\" data-id=\"55e5c420\" data-element_type=\"widget\" data-widget_type=\"text-editor.default\">\n\t\t\t\t<div class=\"elementor-widget-container\">\n\t\t\t\t\t\t\t<p>Z\u00f6gern Sie nicht, uns zu kontaktieren per E-Mail an die Adresse :<\/p><p><a href=\"mailto:info@vorbourg15.ch\"><span style=\"color: #505050;\">info@vorbourg15.ch<\/span><\/a><\/p>\t\t\t\t\t\t<\/div>\n\t\t\t\t<\/div>\n\t\t\t\t<div class=\"elementor-element elementor-element-75098548 elementor-hidden-tablet elementor-hidden-phone elementor-widget elementor-widget-image\" data-id=\"75098548\" data-element_type=\"widget\" data-widget_type=\"image.default\">\n\t\t\t\t<div class=\"elementor-widget-container\">\n\t\t\t<style>\/*! elementor - v3.5.3 - 28-12-2021 *\/\n.elementor-widget-image{text-align:center}.elementor-widget-image a{display:inline-block}.elementor-widget-image a img[src$=\".svg\"]{width:48px}.elementor-widget-image img{vertical-align:middle;display:inline-block}<\/style>\t\t\t\t\t\t\t\t\t\t\t\t<img decoding=\"async\" width=\"1\" height=\"118\" src=\"https:\/\/vorbourg15.ch\/wp-content\/uploads\/2020\/11\/Line-86.jpg\" class=\"attachment-large size-large\" alt=\"\" \/>\t\t\t\t\t\t\t\t\t\t\t\t\t\t\t<\/div>\n\t\t\t\t<\/div>\n\t\t\t\t\t<\/div>\n\t\t<\/div>\n\t\t\t\t\t\t\t<\/div>\n\t\t<\/section>\n\t\t\t\t\t<\/div>\n\t\t<\/div>\n\t\t\t\t<div class=\"elementor-column elementor-col-50 elementor-top-column elementor-element elementor-element-6175c09c\" data-id=\"6175c09c\" data-element_type=\"column\">\n\t\t\t<div class=\"elementor-widget-wrap elementor-element-populated\">\n\t\t\t\t\t\t\t\t<div class=\"elementor-element elementor-element-fb7c902 elementor-widget elementor-widget-augustine_core_google_map\" data-id=\"fb7c902\" data-element_type=\"widget\" data-widget_type=\"augustine_core_google_map.default\">\n\t\t\t\t<div class=\"elementor-widget-container\">\n\t\t\t<div class=\"qodef-shortcode qodef-m  qodef-google-map qodef-map--circled\">\n\t<div class=\"qodef-m-map\" id=\"qodef-map-id--809\" data-addresses='[\"Vorbourg 15, Del\u00e9mont\"]' data-pin=https:\/\/vorbourg15.ch\/wp-content\/uploads\/2021\/02\/pin01.png data-unique-id=809 data-height=300><\/div>\n<\/div>\t\t<\/div>\n\t\t\t\t<\/div>\n\t\t\t\t\t<\/div>\n\t\t<\/div>\n\t\t\t\t\t\t\t<\/div>\n\t\t<\/section>\n\t\t\t\t<section class=\"elementor-section elementor-top-section elementor-element elementor-element-5053186 qodef-elementor-content-grid elementor-section-boxed elementor-section-height-default elementor-section-height-default\" data-id=\"5053186\" data-element_type=\"section\">\n\t\t\t\t\t\t<div class=\"elementor-container elementor-column-gap-default\">\n\t\t\t\t\t<div class=\"elementor-column elementor-col-100 elementor-top-column elementor-element elementor-element-885a79c\" data-id=\"885a79c\" data-element_type=\"column\">\n\t\t\t<div class=\"elementor-widget-wrap elementor-element-populated\">\n\t\t\t\t\t\t\t\t<div class=\"elementor-element elementor-element-45b5d40 elementor-widget elementor-widget-augustine_core_section_title\" data-id=\"45b5d40\" data-element_type=\"widget\" data-widget_type=\"augustine_core_section_title.default\">\n\t\t\t\t<div class=\"elementor-widget-container\">\n\t\t\t<div class=\"qodef-shortcode qodef-m  qodef-section-title qodef-alignment--left    qodef-separator-appear \">\n\t\t\t<p class=\"qodef-m-subtitle\" >Kontaktformular<\/p>\n\t\t<h4 class=\"qodef-m-title\" style=\"margin-top: -5px\">\n\t\t\t\t\tHaben Sie eine Frage? Z\u00f6gern Sie nicht, uns zu schreiben.\t\t\t<\/h4>\n\t\t<\/div>\t\t<\/div>\n\t\t\t\t<\/div>\n\t\t\t\t<section class=\"elementor-section elementor-inner-section elementor-element elementor-element-e1559ca elementor-section-full_width elementor-section-height-default elementor-section-height-default qodef-elementor-content-no\" data-id=\"e1559ca\" data-element_type=\"section\">\n\t\t\t\t\t\t<div class=\"elementor-container elementor-column-gap-default\">\n\t\t\t\t\t<div class=\"elementor-column elementor-col-100 elementor-inner-column elementor-element elementor-element-66e4dce\" data-id=\"66e4dce\" data-element_type=\"column\">\n\t\t\t<div class=\"elementor-widget-wrap elementor-element-populated\">\n\t\t\t\t\t\t\t\t<div class=\"elementor-element elementor-element-c737ded elementor-widget elementor-widget-augustine_core_section_title\" data-id=\"c737ded\" data-element_type=\"widget\" data-widget_type=\"augustine_core_section_title.default\">\n\t\t\t\t<div class=\"elementor-widget-container\">\n\t\t\t<div class=\"qodef-shortcode qodef-m  qodef-section-title qodef-alignment--left    qodef-separator-appear \">\n\t\t\t<p class=\"qodef-m-subtitle\" >F\u00fcllen Sie die Felder des Formulars aus und wir werden uns umgehend mit Ihnen in Verbindung setzen.<\/p>\n\t\t\t<\/div>\t\t<\/div>\n\t\t\t\t<\/div>\n\t\t\t\t<div class=\"elementor-element elementor-element-f003f27 elementor-widget elementor-widget-shortcode\" data-id=\"f003f27\" data-element_type=\"widget\" data-widget_type=\"shortcode.default\">\n\t\t\t\t<div class=\"elementor-widget-container\">\n\t\t\t\t\t<div class=\"elementor-shortcode\">\n<div class=\"wpcf7 no-js\" id=\"wpcf7-f14047-o1\" lang=\"en-US\" dir=\"ltr\" data-wpcf7-id=\"14047\">\n<div class=\"screen-reader-response\"><p role=\"status\" aria-live=\"polite\" aria-atomic=\"true\"><\/p> <ul><\/ul><\/div>\n<form action=\"\/de\/wp-json\/wp\/v2\/pages\/13957#wpcf7-f14047-o1\" method=\"post\" class=\"wpcf7-form init\" aria-label=\"Contact form\" novalidate=\"novalidate\" data-status=\"init\">\n<fieldset class=\"hidden-fields-container\"><input type=\"hidden\" name=\"_wpcf7\" value=\"14047\" \/><input type=\"hidden\" name=\"_wpcf7_version\" value=\"6.1.5\" \/><input type=\"hidden\" name=\"_wpcf7_locale\" value=\"en_US\" \/><input type=\"hidden\" name=\"_wpcf7_unit_tag\" value=\"wpcf7-f14047-o1\" \/><input type=\"hidden\" name=\"_wpcf7_container_post\" value=\"0\" \/><input type=\"hidden\" name=\"_wpcf7_posted_data_hash\" value=\"\" \/><input type=\"hidden\" name=\"_wpcf7_recaptcha_response\" value=\"\" \/>\n<\/fieldset>\n<div class=\"qodef-grid qodef-layout--template qodef-cf-contact-us\">\n<div class=\"qodef-grid-inner\">\n<div class=\"qodef-grid-item qodef-col--12\">\n<span class=\"wpcf7-form-control-wrap\" data-name=\"message\"><textarea cols=\"40\" rows=\"10\" maxlength=\"2000\" class=\"wpcf7-form-control wpcf7-textarea wpcf7-validates-as-required\" aria-required=\"true\" aria-invalid=\"false\" placeholder=\"Ihre Anfrage...\" name=\"message\"><\/textarea><\/span>\n<\/div>\n<div class=\"qodef-grid-item qodef-col--12\">\n<span class=\"wpcf7-form-control-wrap\" data-name=\"fullname\"><input size=\"40\" maxlength=\"400\" class=\"wpcf7-form-control wpcf7-text wpcf7-validates-as-required\" aria-required=\"true\" aria-invalid=\"false\" placeholder=\"Vollst\u00e4ndiger Name...\" value=\"\" type=\"text\" name=\"fullname\" \/><\/span>\n<\/div>\n<div class=\"qodef-grid-item qodef-col--12\">\n<span class=\"wpcf7-form-control-wrap\" data-name=\"email\"><input size=\"40\" maxlength=\"400\" class=\"wpcf7-form-control wpcf7-email wpcf7-validates-as-required wpcf7-text wpcf7-validates-as-email\" aria-required=\"true\" aria-invalid=\"false\" placeholder=\"E-Mail Adresse...\" value=\"\" type=\"email\" name=\"email\" \/><\/span>\n<\/div>\n<div class=\"qodef-grid-item qodef-col--12\">\n<span class=\"wpcf7-form-control-wrap\" data-name=\"phone\"><input size=\"40\" maxlength=\"400\" class=\"wpcf7-form-control wpcf7-tel wpcf7-validates-as-required wpcf7-text wpcf7-validates-as-tel\" aria-required=\"true\" aria-invalid=\"false\" placeholder=\"Telefonnummer...\" value=\"\" type=\"tel\" name=\"phone\" \/><\/span>\n<\/div>\n\n<div class=\"qodef-grid-item qodef-col--12\" style=\"text-align: left;\">\n<button class=\"wpcf7-form-control wpcf7-submit qodef-layout--outlined qodef-margin-18 qodef-button qodef-size--normal qodef-type--outlined qodef-m\" type=\"submit\"><span class=\"qodef-m-text\">Senden<\/span><\/button>\n<\/div>\n<\/div>\n<\/div><div class=\"wpcf7-response-output\" aria-hidden=\"true\"><\/div>\n<\/form>\n<\/div>\n<\/div>\n\t\t\t\t<\/div>\n\t\t\t\t<\/div>\n\t\t\t\t\t<\/div>\n\t\t<\/div>\n\t\t\t\t\t\t\t<\/div>\n\t\t<\/section>\n\t\t\t\t\t<\/div>\n\t\t<\/div>\n\t\t\t\t\t\t\t<\/div>\n\t\t<\/section>\n\t\t\t\t\t\t<\/div>\n\t\t\t\t\t<\/div>\n\t\t","protected":false},"excerpt":{"rendered":"<p>Kontaktieren Sie uns Ideal gelegen im Herzen der Altstadt von Del\u00e9mont, mit Blick auf die wichtigsten Sehensw\u00fcrdigkeiten und die umliegende Natur, erreichen Sie zu Fuss alle st\u00e4dtischen Einrichtungen (Bahnhof, Gesch\u00e4fte, Restaurants, Theater, Kinos, Schulen, Spital usw.) und befinden sich gleichzeitig am Knotenpunkt eines leistungsf\u00e4higen Strassen- und Schienennetzes (Basel und Biel: 30 Min., internationaler Flughafen Basel-Mulhouse: [&hellip;]<\/p>\n","protected":false},"author":1,"featured_media":0,"parent":0,"menu_order":0,"comment_status":"closed","ping_status":"closed","template":"page-full-width.php","meta":{"footnotes":""},"class_list":["post-13957","page","type-page","status-publish","hentry"],"yoast_head":"<!-- This site is optimized with the Yoast SEO plugin v26.9 - https:\/\/yoast.com\/product\/yoast-seo-wordpress\/ -->\n<title>Kontaktieren Sie uns - Vorbourg15<\/title>\n<meta name=\"robots\" content=\"index, follow, max-snippet:-1, max-image-preview:large, max-video-preview:-1\" \/>\n<link rel=\"canonical\" href=\"https:\/\/vorbourg15.ch\/de\/contact\/\" \/>\n<meta property=\"og:locale\" content=\"de_DE\" \/>\n<meta property=\"og:type\" content=\"article\" \/>\n<meta property=\"og:title\" content=\"Kontaktieren Sie uns - Vorbourg15\" \/>\n<meta property=\"og:description\" content=\"Kontaktieren Sie uns Ideal gelegen im Herzen der Altstadt von Del\u00e9mont, mit Blick auf die wichtigsten Sehensw\u00fcrdigkeiten und die umliegende Natur, erreichen Sie zu Fuss alle st\u00e4dtischen Einrichtungen (Bahnhof, Gesch\u00e4fte, Restaurants, Theater, Kinos, Schulen, Spital usw.) und befinden sich gleichzeitig am Knotenpunkt eines leistungsf\u00e4higen Strassen- und Schienennetzes (Basel und Biel: 30 Min., internationaler Flughafen Basel-Mulhouse: [&hellip;]\" \/>\n<meta property=\"og:url\" content=\"https:\/\/vorbourg15.ch\/de\/contact\/\" \/>\n<meta property=\"og:site_name\" content=\"Vorbourg15\" \/>\n<meta property=\"article:modified_time\" content=\"2022-03-07T07:17:10+00:00\" \/>\n<meta property=\"og:image\" content=\"https:\/\/vorbourg15.ch\/wp-content\/uploads\/2020\/11\/Line-86.jpg\" \/>\n<meta name=\"twitter:card\" content=\"summary_large_image\" \/>\n<meta name=\"twitter:label1\" content=\"Gesch\u00e4tzte Lesezeit\" \/>\n\t<meta name=\"twitter:data1\" content=\"1\u00a0Minute\" \/>\n<script type=\"application\/ld+json\" class=\"yoast-schema-graph\">{\"@context\":\"https:\/\/schema.org\",\"@graph\":[{\"@type\":\"WebPage\",\"@id\":\"https:\/\/vorbourg15.ch\/de\/contact\/\",\"url\":\"https:\/\/vorbourg15.ch\/de\/contact\/\",\"name\":\"Kontaktieren Sie uns - Vorbourg15\",\"isPartOf\":{\"@id\":\"https:\/\/vorbourg15.ch\/#website\"},\"primaryImageOfPage\":{\"@id\":\"https:\/\/vorbourg15.ch\/de\/contact\/#primaryimage\"},\"image\":{\"@id\":\"https:\/\/vorbourg15.ch\/de\/contact\/#primaryimage\"},\"thumbnailUrl\":\"https:\/\/vorbourg15.ch\/wp-content\/uploads\/2020\/11\/Line-86.jpg\",\"datePublished\":\"2020-12-02T08:13:32+00:00\",\"dateModified\":\"2022-03-07T07:17:10+00:00\",\"breadcrumb\":{\"@id\":\"https:\/\/vorbourg15.ch\/de\/contact\/#breadcrumb\"},\"inLanguage\":\"de\",\"potentialAction\":[{\"@type\":\"ReadAction\",\"target\":[\"https:\/\/vorbourg15.ch\/de\/contact\/\"]}]},{\"@type\":\"ImageObject\",\"inLanguage\":\"de\",\"@id\":\"https:\/\/vorbourg15.ch\/de\/contact\/#primaryimage\",\"url\":\"https:\/\/vorbourg15.ch\/wp-content\/uploads\/2020\/11\/Line-86.jpg\",\"contentUrl\":\"https:\/\/vorbourg15.ch\/wp-content\/uploads\/2020\/11\/Line-86.jpg\"},{\"@type\":\"BreadcrumbList\",\"@id\":\"https:\/\/vorbourg15.ch\/de\/contact\/#breadcrumb\",\"itemListElement\":[{\"@type\":\"ListItem\",\"position\":1,\"name\":\"Accueil\",\"item\":\"https:\/\/vorbourg15.ch\/de\/\"},{\"@type\":\"ListItem\",\"position\":2,\"name\":\"Kontaktieren Sie uns\"}]},{\"@type\":\"WebSite\",\"@id\":\"https:\/\/vorbourg15.ch\/#website\",\"url\":\"https:\/\/vorbourg15.ch\/\",\"name\":\"Vorbourg15\",\"description\":\"Villa locative au coeur de Del\u00e9mont\",\"publisher\":{\"@id\":\"https:\/\/vorbourg15.ch\/#organization\"},\"potentialAction\":[{\"@type\":\"SearchAction\",\"target\":{\"@type\":\"EntryPoint\",\"urlTemplate\":\"https:\/\/vorbourg15.ch\/?s={search_term_string}\"},\"query-input\":{\"@type\":\"PropertyValueSpecification\",\"valueRequired\":true,\"valueName\":\"search_term_string\"}}],\"inLanguage\":\"de\"},{\"@type\":\"Organization\",\"@id\":\"https:\/\/vorbourg15.ch\/#organization\",\"name\":\"Vorbourg 15\",\"url\":\"https:\/\/vorbourg15.ch\/\",\"logo\":{\"@type\":\"ImageObject\",\"inLanguage\":\"de\",\"@id\":\"https:\/\/vorbourg15.ch\/#\/schema\/logo\/image\/\",\"url\":\"https:\/\/vorbourg15.ch\/wp-content\/uploads\/2022\/01\/logo_vorbourg15-2.png\",\"contentUrl\":\"https:\/\/vorbourg15.ch\/wp-content\/uploads\/2022\/01\/logo_vorbourg15-2.png\",\"width\":347,\"height\":305,\"caption\":\"Vorbourg 15\"},\"image\":{\"@id\":\"https:\/\/vorbourg15.ch\/#\/schema\/logo\/image\/\"}}]}<\/script>\n<!-- \/ Yoast SEO plugin. -->","yoast_head_json":{"title":"Kontaktieren Sie uns - Vorbourg15","robots":{"index":"index","follow":"follow","max-snippet":"max-snippet:-1","max-image-preview":"max-image-preview:large","max-video-preview":"max-video-preview:-1"},"canonical":"https:\/\/vorbourg15.ch\/de\/contact\/","og_locale":"de_DE","og_type":"article","og_title":"Kontaktieren Sie uns - Vorbourg15","og_description":"Kontaktieren Sie uns Ideal gelegen im Herzen der Altstadt von Del\u00e9mont, mit Blick auf die wichtigsten Sehensw\u00fcrdigkeiten und die umliegende Natur, erreichen Sie zu Fuss alle st\u00e4dtischen Einrichtungen (Bahnhof, Gesch\u00e4fte, Restaurants, Theater, Kinos, Schulen, Spital usw.) und befinden sich gleichzeitig am Knotenpunkt eines leistungsf\u00e4higen Strassen- und Schienennetzes (Basel und Biel: 30 Min., internationaler Flughafen Basel-Mulhouse: [&hellip;]","og_url":"https:\/\/vorbourg15.ch\/de\/contact\/","og_site_name":"Vorbourg15","article_modified_time":"2022-03-07T07:17:10+00:00","og_image":[{"url":"https:\/\/vorbourg15.ch\/wp-content\/uploads\/2020\/11\/Line-86.jpg","type":"","width":"","height":""}],"twitter_card":"summary_large_image","twitter_misc":{"Gesch\u00e4tzte Lesezeit":"1\u00a0Minute"},"schema":{"@context":"https:\/\/schema.org","@graph":[{"@type":"WebPage","@id":"https:\/\/vorbourg15.ch\/de\/contact\/","url":"https:\/\/vorbourg15.ch\/de\/contact\/","name":"Kontaktieren Sie uns - Vorbourg15","isPartOf":{"@id":"https:\/\/vorbourg15.ch\/#website"},"primaryImageOfPage":{"@id":"https:\/\/vorbourg15.ch\/de\/contact\/#primaryimage"},"image":{"@id":"https:\/\/vorbourg15.ch\/de\/contact\/#primaryimage"},"thumbnailUrl":"https:\/\/vorbourg15.ch\/wp-content\/uploads\/2020\/11\/Line-86.jpg","datePublished":"2020-12-02T08:13:32+00:00","dateModified":"2022-03-07T07:17:10+00:00","breadcrumb":{"@id":"https:\/\/vorbourg15.ch\/de\/contact\/#breadcrumb"},"inLanguage":"de","potentialAction":[{"@type":"ReadAction","target":["https:\/\/vorbourg15.ch\/de\/contact\/"]}]},{"@type":"ImageObject","inLanguage":"de","@id":"https:\/\/vorbourg15.ch\/de\/contact\/#primaryimage","url":"https:\/\/vorbourg15.ch\/wp-content\/uploads\/2020\/11\/Line-86.jpg","contentUrl":"https:\/\/vorbourg15.ch\/wp-content\/uploads\/2020\/11\/Line-86.jpg"},{"@type":"BreadcrumbList","@id":"https:\/\/vorbourg15.ch\/de\/contact\/#breadcrumb","itemListElement":[{"@type":"ListItem","position":1,"name":"Accueil","item":"https:\/\/vorbourg15.ch\/de\/"},{"@type":"ListItem","position":2,"name":"Kontaktieren Sie uns"}]},{"@type":"WebSite","@id":"https:\/\/vorbourg15.ch\/#website","url":"https:\/\/vorbourg15.ch\/","name":"Vorbourg15","description":"Villa locative au coeur de Del\u00e9mont","publisher":{"@id":"https:\/\/vorbourg15.ch\/#organization"},"potentialAction":[{"@type":"SearchAction","target":{"@type":"EntryPoint","urlTemplate":"https:\/\/vorbourg15.ch\/?s={search_term_string}"},"query-input":{"@type":"PropertyValueSpecification","valueRequired":true,"valueName":"search_term_string"}}],"inLanguage":"de"},{"@type":"Organization","@id":"https:\/\/vorbourg15.ch\/#organization","name":"Vorbourg 15","url":"https:\/\/vorbourg15.ch\/","logo":{"@type":"ImageObject","inLanguage":"de","@id":"https:\/\/vorbourg15.ch\/#\/schema\/logo\/image\/","url":"https:\/\/vorbourg15.ch\/wp-content\/uploads\/2022\/01\/logo_vorbourg15-2.png","contentUrl":"https:\/\/vorbourg15.ch\/wp-content\/uploads\/2022\/01\/logo_vorbourg15-2.png","width":347,"height":305,"caption":"Vorbourg 15"},"image":{"@id":"https:\/\/vorbourg15.ch\/#\/schema\/logo\/image\/"}}]}},"_links":{"self":[{"href":"https:\/\/vorbourg15.ch\/de\/wp-json\/wp\/v2\/pages\/13957","targetHints":{"allow":["GET"]}}],"collection":[{"href":"https:\/\/vorbourg15.ch\/de\/wp-json\/wp\/v2\/pages"}],"about":[{"href":"https:\/\/vorbourg15.ch\/de\/wp-json\/wp\/v2\/types\/page"}],"author":[{"embeddable":true,"href":"https:\/\/vorbourg15.ch\/de\/wp-json\/wp\/v2\/users\/1"}],"replies":[{"embeddable":true,"href":"https:\/\/vorbourg15.ch\/de\/wp-json\/wp\/v2\/comments?post=13957"}],"version-history":[{"count":7,"href":"https:\/\/vorbourg15.ch\/de\/wp-json\/wp\/v2\/pages\/13957\/revisions"}],"predecessor-version":[{"id":14050,"href":"https:\/\/vorbourg15.ch\/de\/wp-json\/wp\/v2\/pages\/13957\/revisions\/14050"}],"wp:attachment":[{"href":"https:\/\/vorbourg15.ch\/de\/wp-json\/wp\/v2\/media?parent=13957"}],"curies":[{"name":"wp","href":"https:\/\/api.w.org\/{rel}","templated":true}]}}